{"id":10172,"date":"2021-04-07T15:55:48","date_gmt":"2021-04-07T13:55:48","guid":{"rendered":"https:\/\/kitesurfhyeres.com\/ffvl-kitesurf-licence\/"},"modified":"2025-05-15T10:49:21","modified_gmt":"2025-05-15T08:49:21","slug":"ffvl-kitesurf-licence","status":"publish","type":"page","link":"https:\/\/kitesurfhyeres.com\/en\/ffvl-kitesurf-licence\/","title":{"rendered":"FFVL Kitesurf Licence"},"content":{"rendered":"<div class=\"wpb-content-wrapper\"><p>[vc_row css=&#8221;.vc_custom_1615305621246{padding-top: 40px !important;padding-bottom: 40px !important;}&#8221; el_id=&#8221;top&#8221;][vc_column css=&#8221;.vc_custom_1614178150411{padding-bottom: 80px !important;}&#8221;]<header class=\"kd-section-title col-lg-12 text-center solid-line sep-border-width-2 500px kd-animated fadeInDown  \" data-animation-delay=200><h2 class=\"separator_on\" >A <strong>license<\/strong> is required to practice <strong>Kitesurf<\/strong>.<\/h2><p class=\"subtitle \" >A membership licence to the F\u00e9d\u00e9ration Fran\u00e7aise de Vol Libre (FFVL) is mandatory to practice kitesurf.<\/p><div class=\"kd-separator below_subtitle\" style=\"width:500px;\"><div class=\"kd-separator-line\" ><\/div><\/div><\/header>[\/vc_column][vc_column width=&#8221;1\/2&#8243;][vc_column_text css_animation=&#8221;fadeIn&#8221; el_class=&#8221;justify&#8221;]Applying for a kitesurfing licence is easy on the website of the French Federation of Free Flight. In a few minutes you will get your licence and you are ready to fly.<\/p>\n<p>It is important that you indicate our <strong>school number: 01969<\/strong>[\/vc_column_text][\/vc_column][vc_column width=&#8221;1\/2&#8243;]<a style=\"width: 400px;\" href=\"https:\/\/intranet.ffvl.fr\/ffvl_licenceonline\/pre_rempli\/NEW\/12772\/12\/1040#fin\" target=\"_blank\" title=\"\" class=\"tt_button tt_primary_button btn_primary_color  button-center button-action-link icon_right kd-animated fadeIn\" =400 rel=\"noopener\"><span class=\"prim_text\">Take your FFVL licence online<\/span><span class=\"fas fa-arrow-alt-circle-right iconita\"><\/span><\/a>[vc_column_text css_animation=&#8221;fadeIn&#8221; css=&#8221;.vc_custom_1617803988689{padding-top: 10px !important;padding-right: 16% !important;padding-left: 16% !important;}&#8221; el_class=&#8221;justify&#8221;]<\/p>\n<p style=\"text-align: center;\">The licence must be paid directly to the FFVL. The price of the licence is not included in the price of the lessons.<\/p>\n<p>[\/vc_column_text][\/vc_column][\/vc_row][vc_row full_width=&#8221;stretch_row&#8221; css=&#8221;.vc_custom_1617804572443{padding-top: 30px !important;padding-bottom: 20px !important;background-color: #f7f7f7 !important;}&#8221;][vc_column]<header class=\"kd-section-title col-lg-12 text-center solid-line sep-border-width-1    \" ><h3 class=\"separator_on\" >The different licences<\/h3><div class=\"kd-separator below_title\" ><div class=\"kd-separator-line\" ><\/div><\/div><h6 class=\"subtitle \" >The licence covers you for civil liability in case of accident.<\/h6><\/header>[\/vc_column][vc_column width=&#8221;1\/2&#8243;]<div class=\"cb-container cb-cont-center cb-no-icon  kd-animated fadeInUp\" style=\"background-color:#fff;\" data-animation-delay=1000><div class=\"cb-text-area\">\n                    <h4 class=\"cb-heading with-subtitle\" >Card Contact days<\/h4><h5 class=\"cb-subtitle\" >Price 5\u20ac<\/h5><p >Valid for 2 consecutive days.<br \/>\nIncludes: RC and IA for kite, wing foil and catakite.<br \/>\nMedical certificate not required.<\/p><\/div><\/div>[\/vc_column][vc_column width=&#8221;1\/2&#8243;]<div class=\"cb-container cb-cont-center cb-no-icon  kd-animated fadeInUp\" style=\"background-color:#fff;\" data-animation-delay=1000><div class=\"cb-text-area\">\n                    <h4 class=\"cb-heading with-subtitle\" >Annual licence for school-based activities<\/h4><h5 class=\"cb-subtitle\" >Price 20\u20ac<\/h5><p >For supervised practice in a school under the responsibility of a licensed instructor.<br \/>\nIncluded: RC for kite, wing foil and outdoor sports.<br \/>\nMedical certificate Mandatory.<\/p><\/div><\/div>[\/vc_column][\/vc_row][vc_row full_width=&#8221;stretch_row&#8221; disable_element=&#8221;yes&#8221; css=&#8221;.vc_custom_1747298930430{padding-top: 30px !important;padding-bottom: 20px !important;background-color: #f7f7f7 !important;}&#8221; top_section_title=&#8221;&#8221; bottom_section_title=&#8221;&#8221;][vc_column]<header class=\"kd-section-title col-lg-12 text-center solid-line sep-border-width-1    \" ><h3 class=\"separator_on\" >The different licences<\/h3><div class=\"kd-separator below_title\" ><div class=\"kd-separator-line\" ><\/div><\/div><h6 class=\"subtitle \" >The licence covers you for civil liability in case of accident.<\/h6><\/header>[\/vc_column][vc_column width=&#8221;1\/4&#8243;]<div class=\"cb-container cb-cont-center cb-no-icon  kd-animated fadeInUp\" style=\"background-color:#fff;\" data-animation-delay=1000><div class=\"cb-text-area\">\n                    <h4 class=\"cb-heading with-subtitle\" >Card Contact days<\/h4><h5 class=\"cb-subtitle\" >Price \u20ac7.50<\/h5><p >Valid for 2 consecutive days.<br \/>\nIncludes: RC and IA for kite, wing foil and catakite.<br \/>\nMedical certificate not required.<\/p><\/div><\/div>[\/vc_column][vc_column width=&#8221;1\/4&#8243;]<div class=\"cb-container cb-cont-center cb-no-icon  kd-animated fadeInUp\" style=\"background-color:#fff;\" data-animation-delay=1000><div class=\"cb-text-area\">\n                    <h4 class=\"cb-heading with-subtitle\" >Licence Course 9 days in school<\/h4><h5 class=\"cb-subtitle\" >Price \u20ac18.00<\/h5><p >Valid for 2 months.<br \/>\nIncluded: RC for kite, wing foil and outdoor sports.<br \/>\nMedical certificate not required.<\/p><\/div><\/div>[\/vc_column][vc_column width=&#8221;1\/4&#8243;]<div class=\"cb-container cb-cont-center cb-no-icon  kd-animated fadeInUp\" style=\"background-color:#fff;\" data-animation-delay=1000><div class=\"cb-text-area\">\n                    <h4 class=\"cb-heading with-subtitle\" >Annual licence for school-based activities<\/h4><h5 class=\"cb-subtitle\" >Price \u20ac24.50<\/h5><p >For supervised practice in a school under the responsibility of a licensed instructor.<br \/>\nIncluded: RC for kite, wing foil and outdoor sports.<br \/>\nMedical certificate Mandatory.<\/p><\/div><\/div>[\/vc_column][vc_column width=&#8221;1\/4&#8243;]<div class=\"cb-container cb-cont-center cb-no-icon  kd-animated fadeInUp\" style=\"background-color:#fff;\" data-animation-delay=1000><div class=\"cb-text-area\">\n                    <h4 class=\"cb-heading with-subtitle\" >Annual licence with first-time licence holder's liability<\/h4><h5 class=\"cb-subtitle\" >Price \u20ac43.50<\/h5><p >For supervised practice in school and in autonomy.<br \/>\nIncluded: RC for kite, wing foil and outdoor sports.<br \/>\nMedical certificate required.<\/p><\/div><\/div>[\/vc_column][\/vc_row][vc_row css=&#8221;.vc_custom_1615305621246{padding-top: 40px !important;padding-bottom: 40px !important;}&#8221;][vc_column]<div class=\"kd-shapes shape_organic_1 shape_left_pos \" style=\"bottom: -25em;width: 800px;height: 800px;background-color: #f0f7ff;\" ><\/div><header class=\"kd-section-title col-lg-12 text-left solid-line sep-border-width-2 300px kd-animated fadeIn  \" data-animation-delay=400><h2 class=\"separator_on\" >Medical Certificate<\/h2><div class=\"kd-separator below_title\" style=\"width:300px;\"><div class=\"kd-separator-line\" ><\/div><\/div><\/header>[\/vc_column][vc_column width=&#8221;1\/2&#8243; css=&#8221;.vc_custom_1614178150411{padding-bottom: 80px !important;}&#8221;][vc_column_text css_animation=&#8221;fadeIn&#8221; css=&#8221;.vc_custom_1617804381732{margin-top: 20px !important;}&#8221; el_class=&#8221;justify&#8221;]A medical certificate of no contraindication to the practice of kitesurfing <strong>is <u>compulsory<\/u><\/strong> for any first annual licence subscription.<\/p>\n<p>To renew your licence, you will have to answer a health questionnaire and then check the periodicity table to see if your medical certificate is valid or not.[\/vc_column_text][\/vc_column][vc_column width=&#8221;1\/2&#8243;][vc_column_text css_animation=&#8221;fadeInUp&#8221; css=&#8221;.vc_custom_1617804402007{margin-top: 20px !important;padding-right: 16% !important;padding-left: 16% !important;}&#8221;]<\/p>\n<p style=\"text-align: center;\">To check if your medical certificate is valid, a tool of the FFVL is at your disposal:<\/p>\n<p>[\/vc_column_text]<a style=\"width: 400px;\" href=\"https:\/\/intranet.ffvl.fr\/certif\" target=\"_blank\" title=\"\" class=\"tt_button tt_primary_button btn_primary_color  button-center button-action-link icon_right kd-animated fadeIn\" =400 rel=\"noopener\"><span class=\"prim_text\">FFVL medical certificate<\/span><span class=\"fas fa-file-medical iconita\"><\/span><\/a>[vc_empty_space]<a style=\"width: 400px;\" href=\"https:\/\/federation.ffvl.fr\/sites\/ffvl.fr\/files\/cerfa_15699-01.pdf\" target=\"_blank\" title=\"\" class=\"tt_button tt_primary_button btn_primary_color  button-center button-action-link icon_right kd-animated fadeIn\" =400 rel=\"noopener\"><span class=\"prim_text\">Health questionnaire for licence renewals<\/span><span class=\"fas fa-file-medical-alt iconita\"><\/span><\/a>[\/vc_column][\/vc_row][vc_row css=&#8221;.vc_custom_1615305621246{padding-top: 40px !important;padding-bottom: 40px !important;}&#8221;][vc_column]<div class=\"kd-shapes shape_organic_1_rotate shape_right_pos \" style=\"bottom: -15em;width: 800px;height: 800px;background-color: #f0f7ff;\" ><\/div><header class=\"kd-section-title col-lg-12 text-left solid-line sep-border-width-2 300px kd-animated fadeIn  \" data-animation-delay=400><h2 class=\"separator_on\" >What does a kitesurfing licence provide?<\/h2><div class=\"kd-separator below_title\" style=\"width:300px;\"><div class=\"kd-separator-line\" ><\/div><\/div><\/header>[vc_column_text css_animation=&#8221;fadeIn&#8221; css=&#8221;.vc_custom_1620063118881{margin-top: 20px !important;}&#8221; el_class=&#8221;justify&#8221;]A kitesurfing licence is first and foremost an insurance policy that includes civil liability. As a kitesurfer, you can cause material or physical damage to third parties. This protection towards others is <strong>included in every kitesurfing licence<\/strong>, but you are responsible for taking out this insurance. If you plan to discover this sport at <strong>our <a href=\"https:\/\/kitesurfhyeres.com\/en\/\">KGG kitesurf school in Hy\u00e8res<\/a>, the cost of your licence is not included in the price of the <a href=\"https:\/\/kitesurfhyeres.com\/en\/kitesurf-lessons\/kitesurfing-initiation\/\">introductory course<\/a><\/strong>. It is your personal insurance (IA) that must cover your own personal injury.[\/vc_column_text][\/vc_column][\/vc_row][vc_row full_width=&#8221;stretch_row&#8221; css=&#8221;.vc_custom_1618761194877{border-top-width: 1px !important;border-top-color: #eaeaea !important;border-top-style: solid !important;}&#8221;][vc_column]<div class=\"slider clients lift-effect kd-client-69e06733f2302  \"><div class=\"clients-content \" ><img decoding=\"async\" width=\"900\" height=\"300\" src=\"https:\/\/kitesurfhyeres.com\/wp-content\/uploads\/2021\/04\/Federation-Francaise-Vol-Libre.jpg\" class=\"attachment-full\" alt=\"\u00c9cole Kitesurf Var\" title=\"Federation Francaise Vol Libre | Ecole Fran\u00e7aise de Kite\" srcset=\"https:\/\/kitesurfhyeres.com\/wp-content\/uploads\/2021\/04\/Federation-Francaise-Vol-Libre.jpg 900w, https:\/\/kitesurfhyeres.com\/wp-content\/uploads\/2021\/04\/Federation-Francaise-Vol-Libre-300x100.jpg 300w, https:\/\/kitesurfhyeres.com\/wp-content\/uploads\/2021\/04\/Federation-Francaise-Vol-Libre-768x256.jpg 768w\" sizes=\"(max-width: 900px) 100vw, 900px\"><\/div><div class=\"clients-content \" ><img decoding=\"async\" width=\"900\" height=\"300\" src=\"https:\/\/kitesurfhyeres.com\/wp-content\/uploads\/2021\/04\/Duotone-Kitesurf.jpg\" class=\"attachment-full\" alt=\"\u00c9cole Kitesurf Var\" title=\"Duotone Kitesurf\" srcset=\"https:\/\/kitesurfhyeres.com\/wp-content\/uploads\/2021\/04\/Duotone-Kitesurf.jpg 900w, https:\/\/kitesurfhyeres.com\/wp-content\/uploads\/2021\/04\/Duotone-Kitesurf-300x100.jpg 300w, https:\/\/kitesurfhyeres.com\/wp-content\/uploads\/2021\/04\/Duotone-Kitesurf-768x256.jpg 768w\" sizes=\"(max-width: 900px) 100vw, 900px\"><\/div><div class=\"clients-content \" ><img decoding=\"async\" width=\"900\" height=\"300\" src=\"https:\/\/kitesurfhyeres.com\/wp-content\/uploads\/2021\/04\/ion-Kitesurf.jpg\" class=\"attachment-full\" alt=\"\u00c9cole Kitesurf Var\" title=\"Ion Kitesurf\" srcset=\"https:\/\/kitesurfhyeres.com\/wp-content\/uploads\/2021\/04\/ion-Kitesurf.jpg 900w, https:\/\/kitesurfhyeres.com\/wp-content\/uploads\/2021\/04\/ion-Kitesurf-300x100.jpg 300w, https:\/\/kitesurfhyeres.com\/wp-content\/uploads\/2021\/04\/ion-Kitesurf-768x256.jpg 768w\" sizes=\"(max-width: 900px) 100vw, 900px\"><\/div><div class=\"clients-content \" ><img decoding=\"async\" width=\"900\" height=\"300\" src=\"https:\/\/kitesurfhyeres.com\/wp-content\/uploads\/2022\/07\/maui-jim-logo.jpg\" class=\"attachment-full\" alt=\"\u00c9cole Kitesurf Var\" title=\"maui-jim-logo\" srcset=\"https:\/\/kitesurfhyeres.com\/wp-content\/uploads\/2022\/07\/maui-jim-logo.jpg 900w, https:\/\/kitesurfhyeres.com\/wp-content\/uploads\/2022\/07\/maui-jim-logo-300x100.jpg 300w, https:\/\/kitesurfhyeres.com\/wp-content\/uploads\/2022\/07\/maui-jim-logo-768x256.jpg 768w\" sizes=\"(max-width: 900px) 100vw, 900px\"><\/div><\/div><script type=\"text\/javascript\">\r\n              jQuery(document).ready(function($){\r\n                if ($(\".slider.clients.kd-client-69e06733f2302\").length) {\r\n                  $(\".slider.clients.kd-client-69e06733f2302\").owlCarousel({\r\n                    stageClass: \"owl-wrapper\",\r\n                    stageOuterClass: \"owl-wrapper-outer\",\r\n                    loadedClass: \"owl-carousel\",\r\n                    responsiveClass:true,responsive:{\r\n                      0:{\r\n                          items:1,dots: false,},\r\n                      480:{\r\n                          items:3,dots: false,},\r\n                      960:{\r\n                          items:4,dots: false,}\r\n                    },\r\n                  });\r\n                }\r\n              });\r\n            <\/script>[\/vc_column][\/vc_row]<\/p>\n<\/div>","protected":false},"excerpt":{"rendered":"<p>[vc_row css=&#8221;.vc_custom_1615305621246{padding-top: 40px !important;padding-bottom: 40px !important;}&#8221; el_id=&#8221;top&#8221;][vc_column css=&#8221;.vc_custom_1614178150411{padding-bottom: 80px !important;}&#8221;][\/vc_column][vc_column width=&#8221;1\/2&#8243;][vc_column_text css_animation=&#8221;fadeIn&#8221; el_class=&#8221;justify&#8221;]Applying for a kitesurfing licence is easy on [&hellip;]<\/p>\n","protected":false},"author":1,"featured_media":9733,"parent":0,"menu_order":0,"comment_status":"closed","ping_status":"closed","template":"","meta":{"rank_math_title":"Kitesurfing licence FFVL | Request your licence online","rank_math_description":"A membership licence to the F\u00e9d\u00e9ration Fran\u00e7aise de Vol Libre (FFVL) is compulsory for kitesurfing in our KGG school in Hy\u00e8res","rank_math_focus_keyword":"","footnotes":""},"class_list":["post-10172","page","type-page","status-publish","has-post-thumbnail","hentry"],"_links":{"self":[{"href":"https:\/\/kitesurfhyeres.com\/en\/wp-json\/wp\/v2\/pages\/10172","targetHints":{"allow":["GET"]}}],"collection":[{"href":"https:\/\/kitesurfhyeres.com\/en\/wp-json\/wp\/v2\/pages"}],"about":[{"href":"https:\/\/kitesurfhyeres.com\/en\/wp-json\/wp\/v2\/types\/page"}],"author":[{"embeddable":true,"href":"https:\/\/kitesurfhyeres.com\/en\/wp-json\/wp\/v2\/users\/1"}],"replies":[{"embeddable":true,"href":"https:\/\/kitesurfhyeres.com\/en\/wp-json\/wp\/v2\/comments?post=10172"}],"version-history":[{"count":1,"href":"https:\/\/kitesurfhyeres.com\/en\/wp-json\/wp\/v2\/pages\/10172\/revisions"}],"predecessor-version":[{"id":1785588,"href":"https:\/\/kitesurfhyeres.com\/en\/wp-json\/wp\/v2\/pages\/10172\/revisions\/1785588"}],"wp:featuredmedia":[{"embeddable":true,"href":"https:\/\/kitesurfhyeres.com\/en\/wp-json\/wp\/v2\/media\/9733"}],"wp:attachment":[{"href":"https:\/\/kitesurfhyeres.com\/en\/wp-json\/wp\/v2\/media?parent=10172"}],"curies":[{"name":"wp","href":"https:\/\/api.w.org\/{rel}","templated":true}]}}