{"id":10189,"date":"2021-04-08T17:09:01","date_gmt":"2021-04-08T15:09:01","guid":{"rendered":"https:\/\/kitesurfhyeres.com\/restoration\/"},"modified":"2023-02-20T17:54:54","modified_gmt":"2023-02-20T16:54:54","slug":"food-beverages","status":"publish","type":"page","link":"https:\/\/kitesurfhyeres.com\/en\/food-beverages\/","title":{"rendered":"Food &#038; Beverages"},"content":{"rendered":"<div class=\"wpb-content-wrapper\"><p>[vc_row css=&#8221;.vc_custom_1629533503512{padding-top: 40px !important;padding-bottom: 0px !important;}&#8221; el_id=&#8221;top&#8221;][vc_column]<header class=\"kd-section-title col-lg-12 text-center solid-line sep-border-width-2 170px kd-animated fadeInDown  \" data-animation-delay=200><h2 class=\"separator_on\" >The <strong>restaurants<\/strong> around our kitesurfing school<\/h2><p class=\"subtitle \" >There are various accommodation options available to you<\/p><div class=\"kd-separator below_subtitle\" style=\"width:170px;\"><div class=\"kd-separator-line\" ><\/div><\/div><\/header><div class=\"kd-shapes shape_organic_1 shape_left_pos \" style=\"top: -10em;width: 800px;height: 800px;background-color: #f0f7ff;\" ><\/div>[vc_column_text]Kiteboarding is good, but sports activities are not. That&#8217;s why we suggest you discover the gourmet places around our school.<\/p>\n<h2>Mediterranean cuisine in the spotlight<\/h2>\n<p>Take advantage of your stay in Hy\u00e8res to discover or rediscover the cuisine of our region. Several establishments, all close by, give pride of place to the recipes of our region.<\/p>\n<p>You can enjoy fresh seafood prepared in the Proven\u00e7al style in a beautiful setting at Le Pradeau Plage (Hy\u00e8res). Or try a very inspired cuisine which takes up the basics of Mediterranean gastronomy revisited. La Bastide (Hy\u00e8res) offers southern basics such as prawn kebabs accompanied by new flavours such as sweet potato or the surprising camembert with pesto.[\/vc_column_text][\/vc_column][\/vc_row][vc_row full_width=&#8221;stretch_row&#8221; css=&#8221;.vc_custom_1618758964506{padding-top: 30px !important;padding-bottom: 50px !important;}&#8221;][vc_column css=&#8221;.vc_custom_1629533598298{padding-right: 0px !important;padding-left: 0px !important;}&#8221;]\r\n                <div class=\"photobox-carousel pbc-parent black-navigation kd-pbc-69f1f423c588e nav-arrows\">\r\n                    <div class=\"pbc-content\"><div class=\"kd-photobox kd-animated fadeInUp \" data-animation-delay=200><div class=\"photobox-img\"><a href=\"http:\/\/www.pradeauplage.com\" target=\"_blank\" title=\"\" rel=\"noopener\"><img decoding=\"async\" width=\"645\" height=\"430\" src=\"https:\/\/kitesurfhyeres.com\/wp-content\/uploads\/2021\/04\/1.-Le-prado-plage.jpg\" class=\"attachment-full\" alt=\"\u00c9cole Kitesurf Var\" title=\"1.-Le-prado-plage\" srcset=\"https:\/\/kitesurfhyeres.com\/wp-content\/uploads\/2021\/04\/1.-Le-prado-plage.jpg 645w, https:\/\/kitesurfhyeres.com\/wp-content\/uploads\/2021\/04\/1.-Le-prado-plage-300x200.jpg 300w\" sizes=\"(max-width: 645px) 100vw, 645px\"><\/a><\/div><div class=\"phb-content text-center \" ><h5 >Le Pradeau Plage<\/h5><p >In a unique setting facing Porquerolles, Mediterranean cuisine based on seafood.<\/p><div class=\"phb-btncontainer\">\r\n                      <a href=\"http:\/\/www.pradeauplage.com\" target=\"_blank\" title=\"\" class=\"tt_button tt_primary_button btn_primary_color\" rel=\"noopener\">See the website<\/a>\r\n                  <\/div><\/div><\/div><div class=\"kd-photobox kd-animated fadeInUp \" data-animation-delay=200><div class=\"photobox-img\"><a href=\"https:\/\/www.restaurant-la-mandra.fr\/\" target=\"_blank\" title=\"\" rel=\"noopener\"><img decoding=\"async\" width=\"645\" height=\"430\" src=\"https:\/\/kitesurfhyeres.com\/wp-content\/uploads\/2021\/04\/2.-La-Mandra-.jpg\" class=\"attachment-full\" alt=\"\u00c9cole Kitesurf Var\" title=\"2.-La-Mandra-\" srcset=\"https:\/\/kitesurfhyeres.com\/wp-content\/uploads\/2021\/04\/2.-La-Mandra-.jpg 645w, https:\/\/kitesurfhyeres.com\/wp-content\/uploads\/2021\/04\/2.-La-Mandra--300x200.jpg 300w\" sizes=\"(max-width: 645px) 100vw, 645px\"><\/a><\/div><div class=\"phb-content text-center \" ><h5 >La Mandra<\/h5><p >A creative cuisine with the flavours of Provence with a panoramic view of the Mediterranean Sea.<\/p><div class=\"phb-btncontainer\">\r\n                      <a href=\"https:\/\/www.restaurant-la-mandra.fr\/\" target=\"_blank\" title=\"\" class=\"tt_button tt_primary_button btn_primary_color\" rel=\"noopener\">See the website<\/a>\r\n                  <\/div><\/div><\/div><div class=\"kd-photobox kd-animated fadeInUp \" data-animation-delay=200><div class=\"photobox-img\"><a href=\"https:\/\/www.restaurantlepoissonrouge.fr\" target=\"_blank\" title=\"\" rel=\"noopener\"><img decoding=\"async\" width=\"645\" height=\"430\" src=\"https:\/\/kitesurfhyeres.com\/wp-content\/uploads\/2021\/04\/3.-Le-poisson-rouge.jpg\" class=\"attachment-full\" alt=\"\u00c9cole Kitesurf Var\" title=\"3.-Le-poisson-rouge\" srcset=\"https:\/\/kitesurfhyeres.com\/wp-content\/uploads\/2021\/04\/3.-Le-poisson-rouge.jpg 645w, https:\/\/kitesurfhyeres.com\/wp-content\/uploads\/2021\/04\/3.-Le-poisson-rouge-300x200.jpg 300w\" sizes=\"(max-width: 645px) 100vw, 645px\"><\/a><\/div><div class=\"phb-content text-center \" ><h5 >Le Poisson Rouge<\/h5><p >This family-run restaurant since 1989, nestled on the port of Niel, serves specialities and seafood.<\/p><div class=\"phb-btncontainer\">\r\n                      <a href=\"https:\/\/www.restaurantlepoissonrouge.fr\" target=\"_blank\" title=\"\" class=\"tt_button tt_primary_button btn_primary_color\" rel=\"noopener\">See the website<\/a>\r\n                  <\/div><\/div><\/div><div class=\"kd-photobox kd-animated fadeInUp \" data-animation-delay=200><div class=\"photobox-img\"><a href=\"https:\/\/www.labastide-hyeres.com\/\" target=\"_blank\" title=\"\" rel=\"noopener\"><img decoding=\"async\" width=\"645\" height=\"430\" src=\"https:\/\/kitesurfhyeres.com\/wp-content\/uploads\/2021\/04\/4.-La-Bastide.jpg\" class=\"attachment-full\" alt=\"\u00c9cole Kitesurf Var\" title=\"4.-La-Bastide\" srcset=\"https:\/\/kitesurfhyeres.com\/wp-content\/uploads\/2021\/04\/4.-La-Bastide.jpg 645w, https:\/\/kitesurfhyeres.com\/wp-content\/uploads\/2021\/04\/4.-La-Bastide-300x200.jpg 300w\" sizes=\"(max-width: 645px) 100vw, 645px\"><\/a><\/div><div class=\"phb-content text-center \" ><h5 >La Bastide<\/h5><p >Delicious Mediterranean cuisine with world flavours on a terrace by the sea.<\/p><div class=\"phb-btncontainer\">\r\n                      <a href=\"https:\/\/www.labastide-hyeres.com\/\" target=\"_blank\" title=\"\" class=\"tt_button tt_primary_button btn_primary_color\" rel=\"noopener\">See the website<\/a>\r\n                  <\/div><\/div><\/div><div class=\"kd-photobox kd-animated fadeInUp \" data-animation-delay=200><div class=\"photobox-img\"><a href=\"https:\/\/www.labastide-hyeres.com\/\" target=\"_blank\" title=\"\" rel=\"noopener\"><img decoding=\"async\" width=\"645\" height=\"430\" src=\"https:\/\/kitesurfhyeres.com\/wp-content\/uploads\/2021\/04\/6.-Lido-Beach.jpg\" class=\"attachment-full\" alt=\"\u00c9cole Kitesurf Var\" title=\"6.-Lido-Beach\" srcset=\"https:\/\/kitesurfhyeres.com\/wp-content\/uploads\/2021\/04\/6.-Lido-Beach.jpg 645w, https:\/\/kitesurfhyeres.com\/wp-content\/uploads\/2021\/04\/6.-Lido-Beach-300x200.jpg 300w\" sizes=\"(max-width: 645px) 100vw, 645px\"><\/a><\/div><div class=\"phb-content text-center \" ><h5 >Le Lido beach<\/h5><p >A modern and conscious Mediterranean cuisine prepared by a passionate team.<\/p><div class=\"phb-btncontainer\">\r\n                      <a href=\"https:\/\/www.labastide-hyeres.com\/\" target=\"_blank\" title=\"\" class=\"tt_button tt_primary_button btn_primary_color\" rel=\"noopener\">See the website<\/a>\r\n                  <\/div><\/div><\/div><div class=\"kd-photobox kd-animated fadeInUp \" data-animation-delay=200><div class=\"photobox-img\"><a href=\"https:\/\/casino-hyeres.partouche.com\/restaurant\/67-restaurant-la-palm-hyeres\" target=\"_blank\" title=\"\" rel=\"noopener\"><img decoding=\"async\" width=\"645\" height=\"430\" src=\"https:\/\/kitesurfhyeres.com\/wp-content\/uploads\/2021\/04\/6.-Le-Palm-Hyeres.jpg\" class=\"attachment-full\" alt=\"\u00c9cole Kitesurf Var\" title=\"6.-Le-Palm-Hyeres\" srcset=\"https:\/\/kitesurfhyeres.com\/wp-content\/uploads\/2021\/04\/6.-Le-Palm-Hyeres.jpg 645w, https:\/\/kitesurfhyeres.com\/wp-content\/uploads\/2021\/04\/6.-Le-Palm-Hyeres-300x200.jpg 300w\" sizes=\"(max-width: 645px) 100vw, 645px\"><\/a><\/div><div class=\"phb-content text-center \" ><h5 >La palm Hy\u00e8res<\/h5><p >Enjoy the gastronomic cuisine of chef J\u00e9r\u00f4me Forschelet with an excellent quality\/price ratio.<\/p><div class=\"phb-btncontainer\">\r\n                      <a href=\"https:\/\/casino-hyeres.partouche.com\/restaurant\/67-restaurant-la-palm-hyeres\" target=\"_blank\" title=\"\" class=\"tt_button tt_primary_button btn_primary_color\" rel=\"noopener\">See the website<\/a>\r\n                  <\/div><\/div><\/div><\/div>\r\n                <\/div><script type=\"text\/javascript\">\r\n          \t\t\t\tjQuery(document).ready(function($){\r\n                    if ($(\".photobox-carousel.kd-pbc-69f1f423c588e .pbc-content\").length) {\r\n                      $(\".photobox-carousel.kd-pbc-69f1f423c588e .pbc-content\").owlCarousel({\r\n                          stageClass: \"owl-wrapper\",\r\n                          stageOuterClass: \"owl-wrapper-outer\",\r\n                          loadedClass: \"owl-carousel\",responsive:{\r\n                              0:{\r\n                                  items:1,\r\n                                  dots: false,\r\n                                  nav: true,\r\n                                  navSpeed: 500,\r\n                              },\r\n                              768:{\r\n                                  items:2,\r\n                              },\r\n                              1199:{\r\n                                  items:3,\r\n                              },\r\n                              1366:{\r\n                                  items:3,\nnav: true,\r\n                                    navSpeed: 500,\r\n                                    dots: false,}\r\n                          },\r\n                          rewind: true,\nloop: true,\nautoplay: true,\nautoplayTimeout: 10000,\nautoplayHoverPause: false,addClassActive: true,\r\n                      });\r\n                    }\r\n          \t\t\t\t});\r\n          \t\t\t<\/script>[\/vc_column][\/vc_row][vc_row css=&#8221;.vc_custom_1629533352737{padding-top: 40px !important;padding-bottom: 40px !important;}&#8221;][vc_column css=&#8221;.vc_custom_1614178150411{padding-bottom: 80px !important;}&#8221;]<div class=\"kd-shapes shape_organic_1 shape_right_pos \" style=\"top: -10em;width: 800px;height: 800px;background-color: #f0f7ff;\" ><\/div>[vc_column_text]Would you like to enjoy modern Mediterranean cuisine? The Lido Beach (Hy\u00e8res) is for you. The chef uses only seasonal and local products to create dishes with a lot of flavour: grilled octopus with anchovy butter, tomato gazpacho&#8230;<\/p>\n<h2>A top-of-the-range cuisine<\/h2>\n<p>To indulge yourself, you can also opt for gastronomic restaurants such as the Palm&#8217;Hy\u00e8res. You can enjoy a scallop risotto or marinated lamb chops. Those who love sweet treats will appreciate the dark chocolate and Morello cherry cake.<\/p>\n<p>Le Poisson Rouge (port de Niel) will also seduce you with its totally traditional and totally revisited recipes! You can try the monkfish liver poached in white wine with a surprising note of fennel, goat&#8217;s cheese fritters with delicate cured ham or a swordfish steak grilled a la plancha. The place also offers vegetarian dishes to satisfy everyone. And why not try a fresh goat cheese with olive oil and thyme for dessert? This is a speciality of the house.<\/p>\n<p>Proven\u00e7al cuisine is also on show at La Mandra, a unique place with an incredible view of the beach. You can relax over a plate of cuttlefish saut\u00e9ed in garlic or a ballotine of poultry.[\/vc_column_text][\/vc_column][\/vc_row][vc_row full_width=&#8221;stretch_row&#8221; kd_image_overlay_color=&#8221;rgba(0,185,238,0.2)&#8221; kd_image_overlay=&#8221;true&#8221; css=&#8221;.vc_custom_1617894054405{margin-top: 80px !important;padding-top: 100px !important;padding-bottom: 100px !important;background-image: url(https:\/\/kitesurfhyeres.com\/wp-content\/uploads\/2021\/03\/Cours-de-Kitefoil-Hyeres-Var-83-Action.jpg?id=7730) !important;background-position: center !important;background-repeat: no-repeat !important;background-size: cover !important;}&#8221;][vc_column css=&#8221;.vc_custom_1614176736113{padding-top: 40px !important;padding-bottom: 40px !important;}&#8221;]<header class=\"kd-section-title col-lg-12 text-center  kd-animated fadeIn   vc_custom_1676912084654\" data-animation-delay=200><h2 class=\"separator_off\" style=\"color: #ffffff;\">CONTACT US FOR A <strong>KITESURF COURSE<\/strong><\/h2><h6 class=\"subtitle \" style=\"color: #ffffff;\">We will get back to you within 48 hours<\/h6><\/header><a style=\"width: 200;\" href=\"https:\/\/kitesurfhyeres.com\/en\/contact\/\" target=\"_self\" title=\"\" class=\"tt_button tt_primary_button btn_primary_color  button-center button-action-link icon_right kd-animated zoomIn\" =400><span class=\"prim_text\">I contact the KGG Kitesurf School<\/span><span class=\"fas fa-wind iconita\"><\/span><\/a>[\/vc_column][\/vc_row][vc_row full_width=&#8221;stretch_row&#8221; css=&#8221;.vc_custom_1618761194877{border-top-width: 1px !important;border-top-color: #eaeaea !important;border-top-style: solid !important;}&#8221;][vc_column]<div class=\"slider clients lift-effect kd-client-69f1f423c639b  \"><div class=\"clients-content \" ><img decoding=\"async\" width=\"900\" height=\"300\" src=\"https:\/\/kitesurfhyeres.com\/wp-content\/uploads\/2021\/04\/Federation-Francaise-Vol-Libre.jpg\" class=\"attachment-full\" alt=\"\u00c9cole Kitesurf Var\" title=\"Federation Francaise Vol Libre | Ecole Fran\u00e7aise de Kite\" srcset=\"https:\/\/kitesurfhyeres.com\/wp-content\/uploads\/2021\/04\/Federation-Francaise-Vol-Libre.jpg 900w, https:\/\/kitesurfhyeres.com\/wp-content\/uploads\/2021\/04\/Federation-Francaise-Vol-Libre-300x100.jpg 300w, https:\/\/kitesurfhyeres.com\/wp-content\/uploads\/2021\/04\/Federation-Francaise-Vol-Libre-768x256.jpg 768w\" sizes=\"(max-width: 900px) 100vw, 900px\"><\/div><div class=\"clients-content \" ><img decoding=\"async\" width=\"900\" height=\"300\" src=\"https:\/\/kitesurfhyeres.com\/wp-content\/uploads\/2021\/04\/Duotone-Kitesurf.jpg\" class=\"attachment-full\" alt=\"\u00c9cole Kitesurf Var\" title=\"Duotone Kitesurf\" srcset=\"https:\/\/kitesurfhyeres.com\/wp-content\/uploads\/2021\/04\/Duotone-Kitesurf.jpg 900w, https:\/\/kitesurfhyeres.com\/wp-content\/uploads\/2021\/04\/Duotone-Kitesurf-300x100.jpg 300w, https:\/\/kitesurfhyeres.com\/wp-content\/uploads\/2021\/04\/Duotone-Kitesurf-768x256.jpg 768w\" sizes=\"(max-width: 900px) 100vw, 900px\"><\/div><div class=\"clients-content \" ><img decoding=\"async\" width=\"900\" height=\"300\" src=\"https:\/\/kitesurfhyeres.com\/wp-content\/uploads\/2021\/04\/ion-Kitesurf.jpg\" class=\"attachment-full\" alt=\"\u00c9cole Kitesurf Var\" title=\"Ion Kitesurf\" srcset=\"https:\/\/kitesurfhyeres.com\/wp-content\/uploads\/2021\/04\/ion-Kitesurf.jpg 900w, https:\/\/kitesurfhyeres.com\/wp-content\/uploads\/2021\/04\/ion-Kitesurf-300x100.jpg 300w, https:\/\/kitesurfhyeres.com\/wp-content\/uploads\/2021\/04\/ion-Kitesurf-768x256.jpg 768w\" sizes=\"(max-width: 900px) 100vw, 900px\"><\/div><div class=\"clients-content \" ><img decoding=\"async\" width=\"900\" height=\"300\" src=\"https:\/\/kitesurfhyeres.com\/wp-content\/uploads\/2022\/07\/maui-jim-logo.jpg\" class=\"attachment-full\" alt=\"\u00c9cole Kitesurf Var\" title=\"maui-jim-logo\" srcset=\"https:\/\/kitesurfhyeres.com\/wp-content\/uploads\/2022\/07\/maui-jim-logo.jpg 900w, https:\/\/kitesurfhyeres.com\/wp-content\/uploads\/2022\/07\/maui-jim-logo-300x100.jpg 300w, https:\/\/kitesurfhyeres.com\/wp-content\/uploads\/2022\/07\/maui-jim-logo-768x256.jpg 768w\" sizes=\"(max-width: 900px) 100vw, 900px\"><\/div><\/div><script type=\"text\/javascript\">\r\n              jQuery(document).ready(function($){\r\n                if ($(\".slider.clients.kd-client-69f1f423c639b\").length) {\r\n                  $(\".slider.clients.kd-client-69f1f423c639b\").owlCarousel({\r\n                    stageClass: \"owl-wrapper\",\r\n                    stageOuterClass: \"owl-wrapper-outer\",\r\n                    loadedClass: \"owl-carousel\",\r\n                    responsiveClass:true,responsive:{\r\n                      0:{\r\n                          items:1,dots: false,},\r\n                      480:{\r\n                          items:3,dots: false,},\r\n                      960:{\r\n                          items:4,dots: false,}\r\n                    },\r\n                  });\r\n                }\r\n              });\r\n            <\/script>[\/vc_column][\/vc_row]<\/p>\n<\/div>","protected":false},"excerpt":{"rendered":"<p>[vc_row css=&#8221;.vc_custom_1629533503512{padding-top: 40px !important;padding-bottom: 0px !important;}&#8221; el_id=&#8221;top&#8221;][vc_column][vc_column_text]Kiteboarding is good, but sports activities are not. That&#8217;s why we suggest you discover [&hellip;]<\/p>\n","protected":false},"author":1,"featured_media":9762,"parent":0,"menu_order":0,"comment_status":"closed","ping_status":"closed","template":"","meta":{"rank_math_title":"","rank_math_description":"","rank_math_focus_keyword":"","footnotes":""},"class_list":["post-10189","page","type-page","status-publish","has-post-thumbnail","hentry"],"_links":{"self":[{"href":"https:\/\/kitesurfhyeres.com\/en\/wp-json\/wp\/v2\/pages\/10189","targetHints":{"allow":["GET"]}}],"collection":[{"href":"https:\/\/kitesurfhyeres.com\/en\/wp-json\/wp\/v2\/pages"}],"about":[{"href":"https:\/\/kitesurfhyeres.com\/en\/wp-json\/wp\/v2\/types\/page"}],"author":[{"embeddable":true,"href":"https:\/\/kitesurfhyeres.com\/en\/wp-json\/wp\/v2\/users\/1"}],"replies":[{"embeddable":true,"href":"https:\/\/kitesurfhyeres.com\/en\/wp-json\/wp\/v2\/comments?post=10189"}],"version-history":[{"count":0,"href":"https:\/\/kitesurfhyeres.com\/en\/wp-json\/wp\/v2\/pages\/10189\/revisions"}],"wp:featuredmedia":[{"embeddable":true,"href":"https:\/\/kitesurfhyeres.com\/en\/wp-json\/wp\/v2\/media\/9762"}],"wp:attachment":[{"href":"https:\/\/kitesurfhyeres.com\/en\/wp-json\/wp\/v2\/media?parent=10189"}],"curies":[{"name":"wp","href":"https:\/\/api.w.org\/{rel}","templated":true}]}}