{"id":9939,"date":"2021-04-07T18:40:58","date_gmt":"2021-04-07T16:40:58","guid":{"rendered":"https:\/\/kitesurfhyeres.com\/activities-in-hyeres\/"},"modified":"2023-02-21T15:15:31","modified_gmt":"2023-02-21T14:15:31","slug":"activities-in-hyeres","status":"publish","type":"page","link":"https:\/\/kitesurfhyeres.com\/en\/activities-in-hyeres\/","title":{"rendered":"Activities in Hy\u00e8res"},"content":{"rendered":"<div class=\"wpb-content-wrapper\"><p>[vc_row css=&#8221;.vc_custom_1615305621246{padding-top: 40px !important;padding-bottom: 40px !important;}&#8221; el_id=&#8221;top&#8221;][vc_column]<header class=\"kd-section-title col-lg-12 text-center solid-line sep-border-width-2 500px kd-animated fadeInDown  \" data-animation-delay=200><h2 class=\"separator_on\" >All the <strong>activities<\/strong> around the <strong>bay of Almanarre<\/strong><\/h2><p class=\"subtitle \" >In addition to kitesurfing, our region has other surprises in store for you!<\/p><div class=\"kd-separator below_subtitle\" style=\"width:500px;\"><div class=\"kd-separator-line\" ><\/div><\/div><\/header><div class=\"kd-shapes shape_egg shape_right_pos kd-animated zoomIn\" style=\"top: -9em;width: 800px;height: 800px;background-color: #f0f7ff;\" data-animation-delay=400><\/div>[vc_column_text]The bay of Almanarre, about five kilometres long, extends to the magnificent Presqu&#8217;\u00eele de Giens. A popular spot for windsurfers and kitesurfers, with strong winds most of the year, it has a special Hawaiian atmosphere.<\/p>\n<p>In the vicinity of our kitesurfing spot, there are many activities.<\/p>\n<h2>Walk on the coastal path<\/h2>\n<p>This trail is sometimes quite sporty with beautiful views, the place has remained wild and protected. The path goes around the peninsula passing through the forest and along the cliffs. It is a pleasure to stop in a small cove for a swim.[\/vc_column_text][\/vc_column][\/vc_row][vc_row css=&#8221;.vc_custom_1615305621246{padding-top: 40px !important;padding-bottom: 40px !important;}&#8221;][vc_column width=&#8221;1\/4&#8243;]<div class=\"key-icon-box icon-default icon-top cont-center ib-hover-1\" style=\"background-color: transparent;\" ><a href=\"https:\/\/www.ulysseplongee.fr\/\" target=\"_blank\" rel=\"noopener\"><div class=\"ib-wrapper\"><i class=\"iconsmind-Starfish iconsmind-Animals\" style=\" \"><\/i> <h5 class=\"service-heading\" >Ulysses diving<\/h5><\/div><\/a><\/div>[\/vc_column][vc_column width=&#8221;1\/4&#8243;]<div class=\"key-icon-box icon-default icon-top cont-center ib-hover-1\" style=\"background-color: transparent;\" ><a href=\"https:\/\/www.loca-bikes.com\/\" target=\"_blank\" rel=\"noopener\"><div class=\"ib-wrapper\"><i class=\"fas fa-bicycle\" style=\" \"><\/i> <h5 class=\"service-heading\" >Bike rental<\/h5><\/div><\/a><\/div>[\/vc_column][vc_column width=&#8221;1\/4&#8243;]<div class=\"key-icon-box icon-default icon-top cont-center ib-hover-1\" style=\"background-color: transparent;\" ><a href=\"https:\/\/www.porquerolles.pro\/\" target=\"_blank\" rel=\"noopener\"><div class=\"ib-wrapper\"><i class=\"fas fa-ship\" style=\" \"><\/i> <h5 class=\"service-heading\" >Boat Rental | XL Yachting<\/h5><\/div><\/a><\/div>[\/vc_column][vc_column width=&#8221;1\/4&#8243;]<div class=\"key-icon-box icon-default icon-top cont-center ib-hover-1\" style=\"background-color: transparent;\" ><a href=\"https:\/\/www.rosalies-hyeres.com\/\" target=\"_blank\" rel=\"noopener\"><div class=\"ib-wrapper\"><i class=\"iconsmind-Car-Wheel iconsmind-Transportation\" style=\" \"><\/i> <h5 class=\"service-heading\" >The Rosalies of Hy\u00e8res<\/h5><p >Pedal quadricycles<\/p><\/div><\/a><\/div>[\/vc_column][\/vc_row][vc_row css=&#8221;.vc_custom_1615305621246{padding-top: 40px !important;padding-bottom: 40px !important;}&#8221;][vc_column width=&#8221;1\/4&#8243;]<div class=\"key-icon-box icon-default icon-top cont-center ib-hover-1\" style=\"background-color: transparent;\" ><a href=\"https:\/\/www.airvertical.fr\/\" target=\"_blank\" rel=\"noopener\"><div class=\"ib-wrapper\"><i class=\"iconsmind-Bike-Helmet iconsmind-Transportation\" style=\" \"><\/i> <h5 class=\"service-heading\" >Vertical Air<\/h5><p >Dare to free fall!<\/p><\/div><\/a><\/div>[\/vc_column][vc_column width=&#8221;1\/4&#8243;]<div class=\"key-icon-box icon-default icon-top cont-center ib-hover-1\" style=\"background-color: transparent;\" ><a href=\"http:\/\/www.speedkart.fr\" target=\"_blank\" rel=\"noopener\"><div class=\"ib-wrapper\"><i class=\"fas fa-tachometer-alt\" style=\" \"><\/i> <h5 class=\"service-heading\" >Karting Speedkart<\/h5><\/div><\/a><\/div>[\/vc_column][vc_column width=&#8221;1\/4&#8243;]<div class=\"key-icon-box icon-default icon-top cont-center ib-hover-1\" style=\"background-color: transparent;\" ><a href=\"https:\/\/ecopark-adventures.com\/parks\/parc-accrobranche-la-castille\/\" target=\"_blank\" rel=\"noopener\"><div class=\"ib-wrapper\"><i class=\"fas fa-tree\" style=\" \"><\/i> <h5 class=\"service-heading\" >Ecopark adventures<\/h5><\/div><\/a><\/div>[\/vc_column][vc_column width=&#8221;1\/4&#8243;][\/vc_column][\/vc_row][vc_row css=&#8221;.vc_custom_1615305621246{padding-top: 40px !important;padding-bottom: 40px !important;}&#8221;][vc_column css=&#8221;.vc_custom_1614178150411{padding-bottom: 80px !important;}&#8221;]<div class=\"kd-shapes shape_egg shape_right_pos kd-animated zoomIn\" style=\"top: -9em;width: 800px;height: 800px;background-color: #f0f7ff;\" data-animation-delay=400><\/div>[vc_column_text]<\/p>\n<h2>Cycling on the salt road<\/h2>\n<p>Accessible on foot, but ideally by hiring a bicycle or why not a rosalie, <a href=\"https:\/\/kitesurfhyeres.com\/en\/nice-walk-from-the-beach-almanarre\/\">the road runs along the beautiful beach on one side<\/a><\/p>\n<p>of Almanarre and, on the other, the old salt pans, exploited until 1995. On the promontories provided for this purpose, you can observe around 250 different species of birds: pink flamingos, white stilts, grey herons, little egrets, ospreys, etc.<\/p>\n<p>To find out more, guides from the Ligue de Protection des Oiseaux (League for the Protection of Birds) offer nature walks to discover the fauna and flora of this exceptional site.<\/p>\n<h2>Boat to Porquerolles<\/h2>\n<p>Just ten minutes away from the Giens peninsula, <a href=\"https:\/\/kitesurfhyeres.com\/en\/kitesurf-raid-porquerolles\/\">Porquerolles island<\/a>.<\/p>\n<p>alternates between steep cliffs and fine sandy beaches. It can be explored on foot or by bike from its charming village. The setting is idyllic, with turquoise water suitable for swimming, and where the Mediterranean nature has remained authentic.<\/p>\n<h2>Diving in the Port-Cros National Park<\/h2>\n<p>Port-Cros is one of the three islands that make up the archipelago of the Golden Islands, along with Ile du Levant and Porquerolles. It has the particularity of having an underwater nature reserve, the first marine park in Europe, where you can find many protected Mediterranean species, including the emblematic grouper. On the other hand, diving is highly regulated, so it is best to contact a local diving club.<\/p>\n<p>Many diving centres in Hy\u00e8res offer various services around the peninsula, such as night dives, explorations, training courses or baptisms. Some sites are internationally renowned for their beauty.<\/p>\n<h2>Relaxing evening at Magic World<\/h2>\n<p>A theme park for young and old, Magic World has a large collection of rides and attractions. Thrills for some, wonder for others, there is something for everyone. There is plenty of fun to be had from 8pm to 2am.<\/p>\n<h2>Children&#8217;s day at Kiddy Parc<\/h2>\n<p>Kiddy Parc is a leisure area for children aged two to twelve. Ball pools, trampolines, quads, electric cars, dugout rides and all kinds of rides will delight the little ones. Adjacent to the park, the Aqua Family is for the whole family and offers five large water slides, two paddling pools, two inflatable water slides and numerous play areas. It&#8217;s the perfect place to cool off and have a good time.<\/p>\n<h2>Cultural trip to the archaeological site of Olbia<\/h2>\n<p>Interesting remains dating back to the 4th century BC can be discovered at this site. Founded by the Greeks, Olbia was a maritime port of call. It still contains important remains of the ancient fortifications, thermal baths, wells and dwellings as they were created at the time.<\/p>\n<h2>Go-kart races with friends<\/h2>\n<p>On the SPEEDKART go-karting circuit, children and adults can challenge each other. Two tracks are available for adults: one of 700 metres and one of 1000 metres. Participants can choose between 160cc and 320cc karts. Children are not left out: 450-metre go-kart circuits, mini motorbikes and mini quads, electric cars, a leisure park and trampolines to let off steam in complete safety.<\/p>\n<h2>Discovering the historic centre<\/h2>\n<p>The old town of Hy\u00e8res is worth a visit with its typically Proven\u00e7al streets, its wash house, its Templar tower as well as its ramparts and its castle dating from the medieval period. From the top of the hill, the panorama over the town and the sea is superb. A visit to the Villa Noailles, just next door, is a must for contemporary art lovers.[\/vc_column_text][\/vc_column][\/vc_row][vc_row full_width=&#8221;stretch_row&#8221; css=&#8221;.vc_custom_1618761194877{border-top-width: 1px !important;border-top-color: #eaeaea !important;border-top-style: solid !important;}&#8221;][vc_column]<div class=\"slider clients lift-effect kd-client-69d840bbd3487  \"><div class=\"clients-content \" ><img decoding=\"async\" width=\"900\" height=\"300\" src=\"https:\/\/kitesurfhyeres.com\/wp-content\/uploads\/2021\/04\/Federation-Francaise-Vol-Libre.jpg\" class=\"attachment-full\" alt=\"\u00c9cole Kitesurf Var\" title=\"Federation Francaise Vol Libre | Ecole Fran\u00e7aise de Kite\" srcset=\"https:\/\/kitesurfhyeres.com\/wp-content\/uploads\/2021\/04\/Federation-Francaise-Vol-Libre.jpg 900w, https:\/\/kitesurfhyeres.com\/wp-content\/uploads\/2021\/04\/Federation-Francaise-Vol-Libre-300x100.jpg 300w, https:\/\/kitesurfhyeres.com\/wp-content\/uploads\/2021\/04\/Federation-Francaise-Vol-Libre-768x256.jpg 768w\" sizes=\"(max-width: 900px) 100vw, 900px\"><\/div><div class=\"clients-content \" ><img decoding=\"async\" width=\"900\" height=\"300\" src=\"https:\/\/kitesurfhyeres.com\/wp-content\/uploads\/2021\/04\/Duotone-Kitesurf.jpg\" class=\"attachment-full\" alt=\"\u00c9cole Kitesurf Var\" title=\"Duotone Kitesurf\" srcset=\"https:\/\/kitesurfhyeres.com\/wp-content\/uploads\/2021\/04\/Duotone-Kitesurf.jpg 900w, https:\/\/kitesurfhyeres.com\/wp-content\/uploads\/2021\/04\/Duotone-Kitesurf-300x100.jpg 300w, https:\/\/kitesurfhyeres.com\/wp-content\/uploads\/2021\/04\/Duotone-Kitesurf-768x256.jpg 768w\" sizes=\"(max-width: 900px) 100vw, 900px\"><\/div><div class=\"clients-content \" ><img decoding=\"async\" width=\"900\" height=\"300\" src=\"https:\/\/kitesurfhyeres.com\/wp-content\/uploads\/2021\/04\/ion-Kitesurf.jpg\" class=\"attachment-full\" alt=\"\u00c9cole Kitesurf Var\" title=\"Ion Kitesurf\" srcset=\"https:\/\/kitesurfhyeres.com\/wp-content\/uploads\/2021\/04\/ion-Kitesurf.jpg 900w, https:\/\/kitesurfhyeres.com\/wp-content\/uploads\/2021\/04\/ion-Kitesurf-300x100.jpg 300w, https:\/\/kitesurfhyeres.com\/wp-content\/uploads\/2021\/04\/ion-Kitesurf-768x256.jpg 768w\" sizes=\"(max-width: 900px) 100vw, 900px\"><\/div><div class=\"clients-content \" ><img decoding=\"async\" width=\"900\" height=\"300\" src=\"https:\/\/kitesurfhyeres.com\/wp-content\/uploads\/2022\/07\/maui-jim-logo.jpg\" class=\"attachment-full\" alt=\"\u00c9cole Kitesurf Var\" title=\"maui-jim-logo\" srcset=\"https:\/\/kitesurfhyeres.com\/wp-content\/uploads\/2022\/07\/maui-jim-logo.jpg 900w, https:\/\/kitesurfhyeres.com\/wp-content\/uploads\/2022\/07\/maui-jim-logo-300x100.jpg 300w, https:\/\/kitesurfhyeres.com\/wp-content\/uploads\/2022\/07\/maui-jim-logo-768x256.jpg 768w\" sizes=\"(max-width: 900px) 100vw, 900px\"><\/div><\/div><script type=\"text\/javascript\">\r\n              jQuery(document).ready(function($){\r\n                if ($(\".slider.clients.kd-client-69d840bbd3487\").length) {\r\n                  $(\".slider.clients.kd-client-69d840bbd3487\").owlCarousel({\r\n                    stageClass: \"owl-wrapper\",\r\n                    stageOuterClass: \"owl-wrapper-outer\",\r\n                    loadedClass: \"owl-carousel\",\r\n                    responsiveClass:true,responsive:{\r\n                      0:{\r\n                          items:1,dots: false,},\r\n                      480:{\r\n                          items:3,dots: false,},\r\n                      960:{\r\n                          items:4,dots: false,}\r\n                    },\r\n                  });\r\n                }\r\n              });\r\n            <\/script>[\/vc_column][\/vc_row]<\/p>\n<\/div>","protected":false},"excerpt":{"rendered":"<p>[vc_row css=&#8221;.vc_custom_1615305621246{padding-top: 40px !important;padding-bottom: 40px !important;}&#8221; el_id=&#8221;top&#8221;][vc_column][vc_column_text]The bay of Almanarre, about five kilometres long, extends to the magnificent Presqu&#8217;\u00eele de [&hellip;]<\/p>\n","protected":false},"author":1,"featured_media":9740,"parent":0,"menu_order":0,"comment_status":"closed","ping_status":"closed","template":"","meta":{"rank_math_title":"activities in Hy\u00e8res and around the bay of Almanarre","rank_math_description":"Discover all the activities in Hy\u00e8res and around the bay of Almanarre for an unforgettable holiday","rank_math_focus_keyword":"Activities in Hy\u00e8res","footnotes":""},"class_list":["post-9939","page","type-page","status-publish","has-post-thumbnail","hentry"],"_links":{"self":[{"href":"https:\/\/kitesurfhyeres.com\/en\/wp-json\/wp\/v2\/pages\/9939","targetHints":{"allow":["GET"]}}],"collection":[{"href":"https:\/\/kitesurfhyeres.com\/en\/wp-json\/wp\/v2\/pages"}],"about":[{"href":"https:\/\/kitesurfhyeres.com\/en\/wp-json\/wp\/v2\/types\/page"}],"author":[{"embeddable":true,"href":"https:\/\/kitesurfhyeres.com\/en\/wp-json\/wp\/v2\/users\/1"}],"replies":[{"embeddable":true,"href":"https:\/\/kitesurfhyeres.com\/en\/wp-json\/wp\/v2\/comments?post=9939"}],"version-history":[{"count":0,"href":"https:\/\/kitesurfhyeres.com\/en\/wp-json\/wp\/v2\/pages\/9939\/revisions"}],"wp:featuredmedia":[{"embeddable":true,"href":"https:\/\/kitesurfhyeres.com\/en\/wp-json\/wp\/v2\/media\/9740"}],"wp:attachment":[{"href":"https:\/\/kitesurfhyeres.com\/en\/wp-json\/wp\/v2\/media?parent=9939"}],"curies":[{"name":"wp","href":"https:\/\/api.w.org\/{rel}","templated":true}]}}